{"id":20,"date":"2017-04-11T12:56:58","date_gmt":"2017-04-11T12:56:58","guid":{"rendered":"http:\/\/kapalicarsidoviz.com.tr\/?page_id=20"},"modified":"2023-11-09T09:13:00","modified_gmt":"2023-11-09T09:13:00","slug":"on-sayfa","status":"publish","type":"page","link":"https:\/\/kapalicarsidoviz.com.tr\/","title":{"rendered":"\u00d6n Sayfa"},"content":{"rendered":"<div class=\"fusion-fullwidth fullwidth-box fusion-builder-row-1 nonhundred-percent-fullwidth non-hundred-percent-height-scrolling\" style=\"background-color: rgba(255,255,255,0);background-position: center center;background-repeat: no-repeat;padding-top:20px;padding-right:0px;padding-bottom:0px;padding-left:0px;margin-bottom: 0px;margin-top: 0px;border-width: 0px 0px 0px 0px;border-color:#eae9e9;border-style:solid;\" ><div class=\"fusion-builder-row fusion-row\"><div class=\"fusion-layout-column fusion_builder_column fusion-builder-column-0 fusion_builder_column_1_1 1_1 fusion-one-full fusion-column-first fusion-column-last\" style=\"margin-top:0px;margin-bottom:20px;\"><div class=\"fusion-column-wrapper fusion-flex-column-wrapper-legacy\" style=\"background-position:left top;background-repeat:no-repeat;-webkit-background-size:cover;-moz-background-size:cover;-o-background-size:cover;background-size:cover;padding: 0px 0px 0px 0px;\"><span class=\" fusion-imageframe imageframe-none imageframe-1 hover-type-none\"><img decoding=\"async\" width=\"1200\" height=\"300\" title=\"Gundemkapali-23\" src=\"https:\/\/kapalicarsidoviz.com.tr\/wp-content\/uploads\/2023\/11\/Gundemkapali-23.png\" class=\"img-responsive wp-image-127\" srcset=\"https:\/\/kapalicarsidoviz.com.tr\/wp-content\/uploads\/2023\/11\/Gundemkapali-23-200x50.png 200w, https:\/\/kapalicarsidoviz.com.tr\/wp-content\/uploads\/2023\/11\/Gundemkapali-23-400x100.png 400w, https:\/\/kapalicarsidoviz.com.tr\/wp-content\/uploads\/2023\/11\/Gundemkapali-23-600x150.png 600w, https:\/\/kapalicarsidoviz.com.tr\/wp-content\/uploads\/2023\/11\/Gundemkapali-23-800x200.png 800w, https:\/\/kapalicarsidoviz.com.tr\/wp-content\/uploads\/2023\/11\/Gundemkapali-23.png 1200w\" sizes=\"(max-width: 800px) 100vw, 1200px\" \/><\/span><div class=\"fusion-sep-clear\"><\/div><div class=\"fusion-separator fusion-full-width-sep\" style=\"margin-left: auto;margin-right: auto;margin-top:20px;margin-bottom:20px;width:100%;\"><\/div><div class=\"fusion-sep-clear\"><\/div><div class=\"fusion-text fusion-text-1\"><p style=\"text-align: center;\"><em><strong>\u201cAmac\u0131m\u0131z ki\u015fisel ve kurumsal anlamda, m\u00fc\u015fterilerimize en kaliteli ve ihtiya\u00e7lar\u0131n\u0131 kar\u015f\u0131layabilecek en h\u0131zl\u0131 hizmeti vermektir.\u201d<\/strong><\/em><\/p>\n<p style=\"text-align: center;\">M\u00fc\u015fterilerimize en iyi hizmeti verebilmek amac\u0131 ile piyasadaki t\u00fcm para birimlerinden y\u00fcksek miktarda elimizde bulundurarak m\u00fc\u015fterilerimizin t\u00fcm ihtiya\u00e7lar\u0131n\u0131 kar\u015f\u0131layabilmenin ayr\u0131cal\u0131\u011f\u0131n\u0131 ya\u015fat\u0131yoruz.<\/p>\n<p style=\"text-align: center;\">\u015eubelerimizde her t\u00fcrl\u00fc Ziynet, GR (Has Alt\u0131n) ve alt\u0131n \u00e7e\u015fitleri ile m\u00fc\u015fterilerimizin hizmetine sunulmaktad\u0131r.<\/p>\n<\/div><div class=\"fusion-sep-clear\"><\/div><div class=\"fusion-separator fusion-full-width-sep\" style=\"margin-left: auto;margin-right: auto;margin-top:20px;margin-bottom:20px;width:100%;\"><\/div><div class=\"fusion-sep-clear\"><\/div><div class=\"fusion-text fusion-text-2\"><h2 style=\"text-align: center;\"><strong>B\u0130ZE ULA\u015eIN<\/strong><\/h2>\n<p style=\"text-align: center;\"><strong>Merkez:<\/strong> Nuripa\u015fa Mah. Sebahattin Zeren Sk. No:22\/A Zeytinburnu \/ \u0130STANBUL | <strong>Tel:<\/strong>\u00a0+90 (212) 665 06 53 &#8211; 55 \/ 510 91 15-16 | <strong>Faks:<\/strong> +90 (212) 679 59 05<br \/>\n<strong>\u015eube:<\/strong> Migros al\u0131\u015fveri\u015f merkezi G.K.4 Beylikd\u00fcz\u00fc\/\u0130STANBUL | <strong>Tel:<\/strong> +90 (212) 852 18 72-73-74<\/p>\n<\/div><iframe src=\"https:\/\/www.google.com\/maps\/embed?pb=!1m18!1m12!1m3!1d633.1380537693657!2d28.902800925592707!3d40.987412136414235!2m3!1f0!2f0!3f0!3m2!1i1024!2i768!4f13.1!3m3!1m2!1s0x14cabb776312775d%3A0xc2c4b3eba1c3b341!2sNuripa%C5%9Fa%2C%20Sebahattin%20Zeren%20Sk.%20No%3A22%2C%2034025%20Zeytinburnu%2F%C4%B0stanbul!5e0!3m2!1str!2str!4v1683124213532!5m2!1str!2str\" width=\"100%\" height=\"350\" style=\"border:0;\" allowfullscreen=\"\" loading=\"lazy\" referrerpolicy=\"no-referrer-when-downgrade\"><\/iframe><div class=\"fusion-clearfix\"><\/div><\/div><\/div><\/div><\/div>\n","protected":false},"excerpt":{"rendered":"","protected":false},"author":1,"featured_media":0,"parent":0,"menu_order":0,"comment_status":"closed","ping_status":"closed","template":"","meta":{"footnotes":""},"_links":{"self":[{"href":"https:\/\/kapalicarsidoviz.com.tr\/index.php?rest_route=\/wp\/v2\/pages\/20"}],"collection":[{"href":"https:\/\/kapalicarsidoviz.com.tr\/index.php?rest_route=\/wp\/v2\/pages"}],"about":[{"href":"https:\/\/kapalicarsidoviz.com.tr\/index.php?rest_route=\/wp\/v2\/types\/page"}],"author":[{"embeddable":true,"href":"https:\/\/kapalicarsidoviz.com.tr\/index.php?rest_route=\/wp\/v2\/users\/1"}],"replies":[{"embeddable":true,"href":"https:\/\/kapalicarsidoviz.com.tr\/index.php?rest_route=%2Fwp%2Fv2%2Fcomments&post=20"}],"version-history":[{"count":26,"href":"https:\/\/kapalicarsidoviz.com.tr\/index.php?rest_route=\/wp\/v2\/pages\/20\/revisions"}],"predecessor-version":[{"id":128,"href":"https:\/\/kapalicarsidoviz.com.tr\/index.php?rest_route=\/wp\/v2\/pages\/20\/revisions\/128"}],"wp:attachment":[{"href":"https:\/\/kapalicarsidoviz.com.tr\/index.php?rest_route=%2Fwp%2Fv2%2Fmedia&parent=20"}],"curies":[{"name":"wp","href":"https:\/\/api.w.org\/{rel}","templated":true}]}}